{"id":86711,"date":"2025-12-09T12:38:43","date_gmt":"2025-12-09T12:38:43","guid":{"rendered":"https:\/\/hortodocampogrande.pt\/produto\/uncategorized\/meilland-scented-rose-pierre-arditi-14cm-pot\/"},"modified":"2026-04-09T17:58:19","modified_gmt":"2026-04-09T16:58:19","slug":"meilland-scented-rose-pierre-arditi-14cm-pot","status":"publish","type":"product","link":"https:\/\/hortodocampogrande.pt\/en\/produto\/outdoor-plants\/roses\/meilland-scented-rose-pierre-arditi-14cm-pot\/","title":{"rendered":"Meilland Scented Rose &#8216;Pierre Arditi&#8217; (14cm pot)"},"content":{"rendered":"<p>A rose bush is essential in any garden, terrace or balcony. These are extraordinary shrub plants\u2014always elegant and highly versatile. They suit many styles, adapt well to different soil types, and, aside from a few hours of direct sun a day, need little else to beautify gardens, beds, and planters. Rose bushes are part of the essence of the typical Portuguese garden. Meilland roses constitute the largest collection of hybrid rose varieties created by Meilland &#8211; in France &#8211; which has been producing and selling them for over 100 years. They grow relatively quickly, offer abundant and colorful flowering, generally from early spring until late autumn. Check specific information about this variety below.<\/p>\n<p><strong>Scientific name<\/strong>: <em>Rosa spp.<\/em><br \/><strong>Variety\/cultivar name<\/strong>: Scented Rose <strong>&#8216;Pierre Arditi&#8217;<\/strong><br \/><strong>Family<\/strong>: <em>Rosaceae<\/em><br \/><strong>Category<\/strong>: Outdoor plant<br \/><strong>Approximate height<\/strong>: 40cm<br \/><strong>Pot diameter<\/strong>: 14cm<\/p>\n<p>The Pierre Arditi rose is a rose variety with a lush appearance due to the large size of its flowers and the tone of the petals &#8211; intense white. Inspired by the style of classic English roses, this rose bush adds a refined touch to gardens, beds or classic floral arrangements. Its well-formed structure and repeat flowering make it a versatile and highly ornamental option.<\/p>\n<p><strong>Characteristics of Rose &#8216;Pierre Arditi&#8217;<\/strong>:<br \/>Flower color: Pure white.<br \/>Fragrance: Floral and pleasant.<br \/>Flowering type: Repeat, from spring to autumn.<br \/>Flower size: Small and dense, with a perfect and delicate shape.<br \/>Height: Between 100-120cm, ideal for formal gardens, use as cut flower (in vases, interior decoration, etc.), beds, outdoor event decoration.<\/p>\n<p><strong>CUIDADOS<\/strong><br \/><strong>Light<\/strong>: Full sun (without about 6 hours of direct sun\/day, it won&#8217;t flower or develop well). <br \/><strong>Temperature<\/strong>: Rose bushes are well adapted to our temperate climate. They prefer temperatures between 15\u00b0C and 28\u00b0C but tolerate lower temperatures well (down to -20\u00b0C).<br \/><strong>Watering<\/strong>: Moderate\u2014after planting, in the first summer, and during flowering periods. Reduce watering in winter\u2014if it\u2019s outdoors, let the rain do the job (water only if there\u2019s a prolonged dry spell).<br \/><strong>Fertilising<\/strong>: Use a rose fertiliser in spring\u2013summer, following the instructions on the product label.<br \/><strong>Pruning<\/strong>: Like most rose bushes, this variety also tolerates pruning well. Remove dry\/damaged branches and spent blooms to encourage flowering and keep the desired shape. Prune in late winter or early spring.<br \/><strong>Soil<\/strong>: They adapt well to different soil\/substrate types, as long as they\u2019re light and rich in organic matter (they really like humus). The soil should be well-drained, as they don\u2019t tolerate waterlogging.<br \/><strong>Pet Friendly<\/strong>: Most rose bushes themselves are not considered toxic plants for pets. However, if ingested, the thorns can cause serious injuries.<\/p>\n<p><strong>Tip<\/strong>: Rose bushes don\u2019t like excessive wind exposure, but the chosen spot should be airy to prevent fungal issues on leaves and flowers.<\/p>\n<p>WARNING! Representative photo \u2013 the image shown is of a stock item at the time of cataloging and serves as a reference. A planta fornecida ser\u00e1 similar \u00e0 da foto sendo que, dependendo da fase do ciclo vegetativo em que se encontre, poder\u00e1 variar na forma, apar\u00eancia ou tamanho (ex: outra tonalidade de folha, com ou sem flor\/fruto, etc). A altura referida inclui o vaso pl\u00e1stico que se v\u00ea na fotografia.<\/p>\n","protected":false},"excerpt":{"rendered":"<p>A rose bush is essential in any garden, terrace or balcony. These are extraordinary shrub plants\u2014always elegant and highly versatile. They suit many styles, adapt well to different soil types, and, aside from a few hours of direct sun a day, need little else to beautify gardens, beds, and planters. Rose bushes are part of [&hellip;]<\/p>\n","protected":false},"featured_media":31978,"template":"","meta":{"_acf_changed":false,"_seopress_robots_primary_cat":"","_seopress_titles_title":"","_seopress_titles_desc":"","_seopress_robots_index":""},"product_brand":[],"product_cat":[744,743,1395],"product_tag":[],"class_list":{"0":"post-86711","1":"product","2":"type-product","3":"status-publish","4":"has-post-thumbnail","6":"product_cat-outdoor-plants","7":"product_cat-plants","8":"product_cat-roses","10":"first","11":"instock","12":"taxable","13":"shipping-taxable","14":"purchasable","15":"product-type-simple"},"acf":[],"_links":{"self":[{"href":"https:\/\/hortodocampogrande.pt\/en\/wp-json\/wp\/v2\/product\/86711","targetHints":{"allow":["GET"]}}],"collection":[{"href":"https:\/\/hortodocampogrande.pt\/en\/wp-json\/wp\/v2\/product"}],"about":[{"href":"https:\/\/hortodocampogrande.pt\/en\/wp-json\/wp\/v2\/types\/product"}],"wp:featuredmedia":[{"embeddable":true,"href":"https:\/\/hortodocampogrande.pt\/en\/wp-json\/wp\/v2\/media\/31978"}],"wp:attachment":[{"href":"https:\/\/hortodocampogrande.pt\/en\/wp-json\/wp\/v2\/media?parent=86711"}],"wp:term":[{"taxonomy":"product_brand","embeddable":true,"href":"https:\/\/hortodocampogrande.pt\/en\/wp-json\/wp\/v2\/product_brand?post=86711"},{"taxonomy":"product_cat","embeddable":true,"href":"https:\/\/hortodocampogrande.pt\/en\/wp-json\/wp\/v2\/product_cat?post=86711"},{"taxonomy":"product_tag","embeddable":true,"href":"https:\/\/hortodocampogrande.pt\/en\/wp-json\/wp\/v2\/product_tag?post=86711"}],"curies":[{"name":"wp","href":"https:\/\/api.w.org\/{rel}","templated":true}]}}