{"id":86754,"date":"2025-11-15T18:18:54","date_gmt":"2025-11-15T18:18:54","guid":{"rendered":"https:\/\/hortodocampogrande.pt\/produto\/uncategorized\/weber-bbq-spatula\/"},"modified":"2025-11-15T18:18:54","modified_gmt":"2025-11-15T18:18:54","slug":"weber-bbq-spatula","status":"publish","type":"product","link":"https:\/\/hortodocampogrande.pt\/en\/produto\/weber-grills\/accessories-en\/weber-bbq-spatula\/","title":{"rendered":"Weber\u00ae BBQ Spatula"},"content":{"rendered":"<p>Flip burgers with ease and remove steaks from the grill with this stainless steel spatula. This essential BBQ tool is long enough to keep your hands away from the heat and is dishwasher safe for easy cleaning.<\/p>\n<p>\u2022 Stainless steel construction<br \/>\u2022 Adequada para m\u00e1quina de lavar loi\u00e7a para uma limpeza f\u00e1cil<br \/>\u2022 Hanging loop for easy storage<\/p>\n<p><strong>Specifications<\/strong>:<br \/>Dimensions out of packaging: 40.5cm H x 9.2cm W x 5.1cm D<br \/>Packaging dimensions: 40cm H x 9cm W x 3cm D<br \/>Material: Stainless steel<br \/>Dishwasher safe<\/p>\n","protected":false},"excerpt":{"rendered":"<p>Flip burgers with ease and remove steaks from the grill with this stainless steel spatula. This essential BBQ tool is long enough to keep your hands away from the heat and is dishwasher safe for easy cleaning. \u2022 Stainless steel construction\u2022 Adequada para m\u00e1quina de lavar loi\u00e7a para uma limpeza f\u00e1cil\u2022 Hanging loop for easy [&hellip;]<\/p>\n","protected":false},"featured_media":34095,"template":"","meta":{"_acf_changed":false,"_seopress_robots_primary_cat":"","_seopress_titles_title":"","_seopress_titles_desc":"","_seopress_robots_index":""},"product_brand":[],"product_cat":[903,754],"product_tag":[],"class_list":{"0":"post-86754","1":"product","2":"type-product","3":"status-publish","4":"has-post-thumbnail","6":"product_cat-accessories-en","7":"product_cat-weber-grills","9":"first","10":"instock","11":"taxable","12":"shipping-taxable","13":"purchasable","14":"product-type-simple"},"acf":[],"_links":{"self":[{"href":"https:\/\/hortodocampogrande.pt\/en\/wp-json\/wp\/v2\/product\/86754","targetHints":{"allow":["GET"]}}],"collection":[{"href":"https:\/\/hortodocampogrande.pt\/en\/wp-json\/wp\/v2\/product"}],"about":[{"href":"https:\/\/hortodocampogrande.pt\/en\/wp-json\/wp\/v2\/types\/product"}],"wp:featuredmedia":[{"embeddable":true,"href":"https:\/\/hortodocampogrande.pt\/en\/wp-json\/wp\/v2\/media\/34095"}],"wp:attachment":[{"href":"https:\/\/hortodocampogrande.pt\/en\/wp-json\/wp\/v2\/media?parent=86754"}],"wp:term":[{"taxonomy":"product_brand","embeddable":true,"href":"https:\/\/hortodocampogrande.pt\/en\/wp-json\/wp\/v2\/product_brand?post=86754"},{"taxonomy":"product_cat","embeddable":true,"href":"https:\/\/hortodocampogrande.pt\/en\/wp-json\/wp\/v2\/product_cat?post=86754"},{"taxonomy":"product_tag","embeddable":true,"href":"https:\/\/hortodocampogrande.pt\/en\/wp-json\/wp\/v2\/product_tag?post=86754"}],"curies":[{"name":"wp","href":"https:\/\/api.w.org\/{rel}","templated":true}]}}