{"id":86759,"date":"2025-09-29T17:02:56","date_gmt":"2025-09-29T16:02:56","guid":{"rendered":"https:\/\/hortodocampogrande.pt\/produto\/uncategorized\/silver-sword-sansevieria-trifasciata-moonshine-14cm-pot\/"},"modified":"2026-03-18T14:52:08","modified_gmt":"2026-03-18T14:52:08","slug":"silver-sword-sansevieria-trifasciata-moonshine-14cm-pot","status":"publish","type":"product","link":"https:\/\/hortodocampogrande.pt\/en\/produto\/plants\/indoor-plants\/silver-sword-sansevieria-trifasciata-moonshine-14cm-pot\/","title":{"rendered":"Silver Sword &#8211; Sansevieria trifasciata &#8216;Moonshine&#8217; (14cm pot)"},"content":{"rendered":"<p><em>Sansevieria &#8216;Moonshine&#8217;<\/em> is a modern variety of the popular Snake Plant, grows up to 60cm tall and is very popular due to the silvery-platinum green tone of its leaves. Depending on the light, they appear to have a greyish-blue color &#8211; hence its name! Like other Sansevierias, this variety also requires little maintenance, and it&#8217;s almost impossible for it not to survive indoors, except if you overwater it. On the other hand, the soft silver coloration that is so characteristic may be lost if you place it in overly shady locations. Even though it tolerates reduced light, the leaf tone may be lost. Like other Sansevierias, this one will also help purify the air, making it an ideal choice for indoor environments. Cleaning the leaves regularly is recommended to keep them looking beautiful.<\/p>\n<p><strong>Scientific name<\/strong>: <em>Sansevieria trifasciata &#8216;Moonshine&#8217;<\/em><br \/><strong>Common names<\/strong>: Silver Sword, Moonshine Snake Plant, Moonshine Mother-in-Law&#8217;s Tongue<br \/><strong>Family<\/strong>: <em>Asparagaceae<\/em><br \/><strong>Origin<\/strong>: Africa<br \/><strong>Climate<\/strong>: Arid, Semi-arid, Equatorial, Subtropical, Tropical<br \/><strong>Category<\/strong>: Indoor plant<br \/><strong>Approximate height<\/strong>: 45-50cm<br \/><strong>Pot diameter<\/strong>: 14cm<\/p>\n<p><strong>CUIDADOS<\/strong><br \/><strong>Light<\/strong>: Enjoys indirect light and tolerates lower light environments, however, in shadier environments the leaves will tend to turn dark green (losing the silver tone) <br \/><strong>Watering<\/strong>: Allow the soil to dry completely between waterings. This is one of those plants where, when in doubt, it&#8217;s better to wait and water a few days later. <br \/><strong>Soil<\/strong>: Light and well-drained (suitable for cacti and succulents, preferably).<br \/><strong>Pruning<\/strong>: Remove only dry\/damaged leaves to keep the plant healthy and identify potential pests\/fungi.<br \/><strong>Fertilization<\/strong>: Applying during the growing season (spring-summer) is sufficient to provide the necessary nutrients to the soil.<br \/><strong>Not pet friendly<\/strong>: Considered toxic to pets if ingested in large quantities.<\/p>\n<p>WARNING! Fotografia representativa \u2013 a fotografia apresentada \u00e9 de um exemplar existente em stock no momento da coloca\u00e7\u00e3o do produto no cat\u00e1logo online, pelo que \u00e9 uma refer\u00eancia. A planta fornecida ser\u00e1 similar \u00e0 da foto sendo que, dependendo da fase do ciclo vegetativo em que se encontre, poder\u00e1 variar na forma, apar\u00eancia ou tamanho (ex: outra tonalidade de folha, com ou sem flor\/fruto, etc). A altura referida inclui o vaso pl\u00e1stico que se v\u00ea na fotografia.<\/p>\n","protected":false},"excerpt":{"rendered":"<p>Sansevieria &#8216;Moonshine&#8217; is a modern variety of the popular Snake Plant, grows up to 60cm tall and is very popular due to the silvery-platinum green tone of its leaves. Depending on the light, they appear to have a greyish-blue color &#8211; hence its name! Like other Sansevierias, this variety also requires little maintenance, and it&#8217;s [&hellip;]<\/p>\n","protected":false},"featured_media":29309,"template":"","meta":{"_acf_changed":false,"_seopress_robots_primary_cat":"","_seopress_titles_title":"","_seopress_titles_desc":"","_seopress_robots_index":""},"product_brand":[],"product_cat":[748,1411,743],"product_tag":[],"class_list":{"0":"post-86759","1":"product","2":"type-product","3":"status-publish","4":"has-post-thumbnail","6":"product_cat-fathers-day","7":"product_cat-indoor-plants","8":"product_cat-plants","10":"first","11":"instock","12":"taxable","13":"shipping-taxable","14":"purchasable","15":"product-type-simple"},"acf":[],"_links":{"self":[{"href":"https:\/\/hortodocampogrande.pt\/en\/wp-json\/wp\/v2\/product\/86759","targetHints":{"allow":["GET"]}}],"collection":[{"href":"https:\/\/hortodocampogrande.pt\/en\/wp-json\/wp\/v2\/product"}],"about":[{"href":"https:\/\/hortodocampogrande.pt\/en\/wp-json\/wp\/v2\/types\/product"}],"wp:featuredmedia":[{"embeddable":true,"href":"https:\/\/hortodocampogrande.pt\/en\/wp-json\/wp\/v2\/media\/29309"}],"wp:attachment":[{"href":"https:\/\/hortodocampogrande.pt\/en\/wp-json\/wp\/v2\/media?parent=86759"}],"wp:term":[{"taxonomy":"product_brand","embeddable":true,"href":"https:\/\/hortodocampogrande.pt\/en\/wp-json\/wp\/v2\/product_brand?post=86759"},{"taxonomy":"product_cat","embeddable":true,"href":"https:\/\/hortodocampogrande.pt\/en\/wp-json\/wp\/v2\/product_cat?post=86759"},{"taxonomy":"product_tag","embeddable":true,"href":"https:\/\/hortodocampogrande.pt\/en\/wp-json\/wp\/v2\/product_tag?post=86759"}],"curies":[{"name":"wp","href":"https:\/\/api.w.org\/{rel}","templated":true}]}}