{"id":87196,"date":"2024-07-18T15:23:25","date_gmt":"2024-07-18T14:23:25","guid":{"rendered":"https:\/\/hortodocampogrande.pt\/produto\/uncategorized\/olive-tree-olea-europea-20cm-pot\/"},"modified":"2026-04-20T14:08:59","modified_gmt":"2026-04-20T13:08:59","slug":"olive-tree-olea-europea-20cm-pot","status":"publish","type":"product","link":"https:\/\/hortodocampogrande.pt\/en\/produto\/fathers-day\/olive-tree-olea-europea-20cm-pot\/","title":{"rendered":"Olive tree &#8211; Olea europea (20cm pot)"},"content":{"rendered":"<p>The olive tree is a hardy, extremely versatile plant\u2014tough, resilient, and well adapted to our climate. It\u2019s an integral part of our landscape, our country\u2019s history, and the Portuguese soul. But it actually originates from Syria, Palestine, and northern Iran, spreading across the Mediterranean basin since antiquity and quickly becoming a species of great economic value: there are records of olives being pressed for olive oil production dating back over 6,000 years. Back in the days of ancient civilisations. The olive tree is evergreen, flowers in spring, and fruits in autumn. Its thick greyish trunk, irregular shapes, and dense foliage in different shades of green make the olive tree highly sculptural and extremely decorative. It should be grown outdoors in full sun, preferring well-drained soil and watering during the first year after planting, and it can reach up to 4 m in height. This compact size is perfect if you have a small balcony or an outdoor space facing east or south. However, don\u2019t forget that a plant in a small pot needs more frequent watering. Even an olive tree\u2014which can handle longer dry spells\u2014may start to decline if, for example, it\u2019s summer, it\u2019s in sun all day, and it isn\u2019t watered for a long period of time. During a heatwave, even worse&#8230; This applies to any potted plant, but it\u2019s worth repeating that it also applies to plants like the olive tree\u2014heat\/drought tolerant.<\/p>\n<p><strong>Scientific name<\/strong>: <em>Olea europea<\/em><br \/><strong>Common name<\/strong>: Olive tree<br \/><strong>Family<\/strong>: <em>Oleaceae<\/em><br \/><strong>Origin<\/strong>: Eastern Mediterranean and Northern Iran<br \/><strong>Climate<\/strong>: Mediterranean<br \/><strong>Category<\/strong>: Outdoor plant<br \/><strong>Approximate height<\/strong>: 90cm-1.10m<br \/><strong>Pot diameter<\/strong>: 20 cm<\/p>\n<p><strong>CUIDADOS<\/strong><br \/><strong>Light<\/strong>: Full\/direct sun (needs at least 4 hours of full\/direct sun per day to thrive).<br \/>Temperature: Prefers an average annual temperature around 15\/20\u00b0C, but tolerates both cold and heat extremes well.<br \/><strong>Watering<\/strong>: Very drought tolerant\u2014water occasionally, especially in summer. In winter, let the rain do its job (but be careful not to leave standing water in saucers or non-draining decorative pots, as heavy rain can drown the plant if it sits in water for several days).<br \/><strong>Humidity<\/strong>: Doesn\u2019t like climates with high relative humidity in the air, which is why it\u2019s more common in the south of Portugal. Avoid planting it in shady areas\u2014always a good bet.<br \/><strong>Soil<\/strong>: Adapts well, but prefers fine-textured, deep, well-drained, slightly alkaline soils\/substrates.<br \/><strong>Pruning<\/strong>: Yearly, should be done in spring, and is essential to keep a rounded\/compact shape and a cup-like structure for good light penetration, keeping the plant beautiful and healthy.<br \/><strong>Fertilising<\/strong>: between Mar\u2013Aug, 1x\/month<br \/><strong>Fun fact<\/strong>: It\u2019s widely used as firewood thanks to its high heat output and slow burn, unlike resinous woods. So, if you have a country house in an isolated area or somewhere where summer wildfires are a constant, planting olive trees (at a safe distance from the house) can help slow the spread of flames. <\/p>\n<p>WARNING! Fotografia representativa \u2013 a fotografia apresentada \u00e9 de um exemplar existente em stock no momento da coloca\u00e7\u00e3o do produto no cat\u00e1logo online, pelo que \u00e9 uma refer\u00eancia. A planta fornecida ser\u00e1 similar \u00e0 da foto sendo que, dependendo da fase do ciclo vegetativo em que se encontre, poder\u00e1 variar na forma, apar\u00eancia ou tamanho (ex: outra tonalidade de folha, com ou sem flor\/fruto, etc). A altura referida inclui o vaso pl\u00e1stico que se v\u00ea na fotografia.<\/p>\n","protected":false},"excerpt":{"rendered":"<p>The olive tree is a hardy, extremely versatile plant\u2014tough, resilient, and well adapted to our climate. It\u2019s an integral part of our landscape, our country\u2019s history, and the Portuguese soul. But it actually originates from Syria, Palestine, and northern Iran, spreading across the Mediterranean basin since antiquity and quickly becoming a species of great economic [&hellip;]<\/p>\n","protected":false},"featured_media":87548,"template":"","meta":{"_acf_changed":false,"_seopress_robots_primary_cat":"","_seopress_titles_title":"","_seopress_titles_desc":"","_seopress_robots_index":""},"product_brand":[],"product_cat":[748,744,743],"product_tag":[],"class_list":{"0":"post-87196","1":"product","2":"type-product","3":"status-publish","4":"has-post-thumbnail","6":"product_cat-fathers-day","7":"product_cat-outdoor-plants","8":"product_cat-plants","10":"first","11":"instock","12":"taxable","13":"shipping-taxable","14":"purchasable","15":"product-type-simple"},"acf":[],"_links":{"self":[{"href":"https:\/\/hortodocampogrande.pt\/en\/wp-json\/wp\/v2\/product\/87196","targetHints":{"allow":["GET"]}}],"collection":[{"href":"https:\/\/hortodocampogrande.pt\/en\/wp-json\/wp\/v2\/product"}],"about":[{"href":"https:\/\/hortodocampogrande.pt\/en\/wp-json\/wp\/v2\/types\/product"}],"wp:featuredmedia":[{"embeddable":true,"href":"https:\/\/hortodocampogrande.pt\/en\/wp-json\/wp\/v2\/media\/87548"}],"wp:attachment":[{"href":"https:\/\/hortodocampogrande.pt\/en\/wp-json\/wp\/v2\/media?parent=87196"}],"wp:term":[{"taxonomy":"product_brand","embeddable":true,"href":"https:\/\/hortodocampogrande.pt\/en\/wp-json\/wp\/v2\/product_brand?post=87196"},{"taxonomy":"product_cat","embeddable":true,"href":"https:\/\/hortodocampogrande.pt\/en\/wp-json\/wp\/v2\/product_cat?post=87196"},{"taxonomy":"product_tag","embeddable":true,"href":"https:\/\/hortodocampogrande.pt\/en\/wp-json\/wp\/v2\/product_tag?post=87196"}],"curies":[{"name":"wp","href":"https:\/\/api.w.org\/{rel}","templated":true}]}}