{"id":87681,"date":"2026-03-17T14:31:53","date_gmt":"2026-03-17T14:31:53","guid":{"rendered":"https:\/\/hortodocampogrande.pt\/produto\/uncategorized\/snake-plant-sansevieria-zeylanica-25cm-pot\/"},"modified":"2026-04-10T15:19:54","modified_gmt":"2026-04-10T14:19:54","slug":"snake-plant-sansevieria-zeylanica-25cm-pot","status":"publish","type":"product","link":"https:\/\/hortodocampogrande.pt\/en\/produto\/plants\/indoor-plants\/snake-plant-sansevieria-zeylanica-25cm-pot\/","title":{"rendered":"Snake Plant &#8211; Sansevieria zeylanica (25 cm pot, 1.25 m height)"},"content":{"rendered":"<p>The Snake Plant is one of the most popular houseplants. Its rigid green leaves, which usually don&#8217;t exceed 80cm in height and are sword-shaped (hence its common name), with horizontal patterns, can vary in lighter\/darker shades. The difference from the \u201cSaint Barbara&#8217;s Sword\u201d is that this one doesn&#8217;t have the yellow border around the leaves. <strong>This specimen is fabulous due to the height of its leaves: they reach 1.25m<\/strong>! <br \/>Like all Sansevierias, it\u2019s ideal if you don\u2019t have much time or experience caring for plants, as it\u2019s almost impossible for it not to survive indoors, since it tolerates tough conditions like long dry spells, temperature changes, or lower-light spaces. It&#8217;s also the ideal plant for indoor environments because it belongs to the group of &#8220;air purifiers&#8221;, meaning it helps remove toxins from the air (such as formaldehyde and benzene) and improve relative humidity. As with other Sansevierias, it grows slowly, and a sign of dryness\/lack of water is \u201cwrinkles\u201d (dehydration ridges) appearing on the leaves, which also start to look drier\u2014much like human skin would. In this case, simply increase the amount or frequency of watering, always allowing the water to drain after watering and ensuring the soil dries well between each watering.<\/p>\n<p><strong>Scientific name<\/strong>: <em>Sansevieria zeylanica<\/em><br \/><strong>Common names<\/strong>: Snake Plant, Mother-in-law\u2019s Tongue<br \/><strong>Family<\/strong>: <em>Asparagaceae<\/em><br \/><strong>Origin<\/strong>: Tropical regions of Africa (Nigeria, Congo, Kenya, Tanzania) and parts of Asia (India, Sri Lanka)<br \/><strong>Climate<\/strong>: Tropical, subtropical<br \/><strong>Category<\/strong>: Indoor plant<br \/><strong>Approximate height<\/strong>: 1.25m<br \/><strong>Pot diameter<\/strong>: 25cm<\/p>\n<p><strong>CUIDADOS<\/strong><br \/><strong>Light<\/strong>: Prefers bright indirect light, but tolerates low-light conditions. Avoid prolonged exposure to direct sunlight, which can cause leaf burn. If placed in a darker spot, the leaves will tend to become darker.<br \/><strong>Temperature<\/strong>: Ideal between 18\u00b0C and 27\u00b0C (avoid temperatures below 10\u00b0C)<br \/><strong>Watering<\/strong>: Water when the substrate is completely dry. Don&#8217;t leave standing water in saucers or decorative pots without drainage holes.<br \/><strong>Humidity<\/strong>: Adapts well to low-humidity environments. Doesn&#8217;t require regular misting but cleaning the leaves with a damp cloth is recommended to keep the plant beautiful and healthy.<br \/>Fertilization: Apply during spring and summer.<br \/><strong>Pruning<\/strong>: Remove damaged or dry leaves at the base with clean scissors. Avoid cutting leaf tips, as they don&#8217;t regenerate.<br \/><strong>Soil<\/strong>: Light and well-draining substrate, preferably sandy (for cacti and succulents will be ideal). Avoid soils that retain too much moisture.<br \/><strong>Not Pet Friendly<\/strong>: Toxic to pets if ingested, may cause gastrointestinal irritation.<\/p>\n<p><strong>Fun fact<\/strong>: In the Yoruba culture of Nigeria, Sansevieria zeylanica is considered a sacred plant, associated with protection and good luck. In Portugal, it\u2019s also strongly associated with protection and luck, so it\u2019s often placed by the entrance to homes.<\/p>\n<p>WARNING! Fotografia representativa \u2013 a fotografia apresentada \u00e9 de um exemplar existente em stock no momento da coloca\u00e7\u00e3o do produto no cat\u00e1logo online, pelo que \u00e9 uma refer\u00eancia. A planta fornecida ser\u00e1 similar \u00e0 da foto sendo que, dependendo da fase do ciclo vegetativo em que se encontre, poder\u00e1 variar na forma, apar\u00eancia ou tamanho (ex: outra tonalidade de folha, com ou sem flor\/fruto, etc). A altura referida inclui o vaso pl\u00e1stico que se v\u00ea na fotografia.<\/p>\n<p>&nbsp;<\/p>\n","protected":false},"excerpt":{"rendered":"<p>The Snake Plant is one of the most popular houseplants. Its rigid green leaves, which usually don&#8217;t exceed 80cm in height and are sword-shaped (hence its common name), with horizontal patterns, can vary in lighter\/darker shades. The difference from the \u201cSaint Barbara&#8217;s Sword\u201d is that this one doesn&#8217;t have the yellow border around the leaves. [&hellip;]<\/p>\n","protected":false},"featured_media":88134,"template":"","meta":{"_acf_changed":false,"_seopress_robots_primary_cat":"","_seopress_titles_title":"","_seopress_titles_desc":"","_seopress_robots_index":""},"product_brand":[],"product_cat":[1411,738,743],"product_tag":[],"class_list":{"0":"post-87681","1":"product","2":"type-product","3":"status-publish","4":"has-post-thumbnail","6":"product_cat-indoor-plants","7":"product_cat-mothers-day","8":"product_cat-plants","10":"first","11":"instock","12":"taxable","13":"shipping-taxable","14":"purchasable","15":"product-type-simple"},"acf":[],"_links":{"self":[{"href":"https:\/\/hortodocampogrande.pt\/en\/wp-json\/wp\/v2\/product\/87681","targetHints":{"allow":["GET"]}}],"collection":[{"href":"https:\/\/hortodocampogrande.pt\/en\/wp-json\/wp\/v2\/product"}],"about":[{"href":"https:\/\/hortodocampogrande.pt\/en\/wp-json\/wp\/v2\/types\/product"}],"wp:featuredmedia":[{"embeddable":true,"href":"https:\/\/hortodocampogrande.pt\/en\/wp-json\/wp\/v2\/media\/88134"}],"wp:attachment":[{"href":"https:\/\/hortodocampogrande.pt\/en\/wp-json\/wp\/v2\/media?parent=87681"}],"wp:term":[{"taxonomy":"product_brand","embeddable":true,"href":"https:\/\/hortodocampogrande.pt\/en\/wp-json\/wp\/v2\/product_brand?post=87681"},{"taxonomy":"product_cat","embeddable":true,"href":"https:\/\/hortodocampogrande.pt\/en\/wp-json\/wp\/v2\/product_cat?post=87681"},{"taxonomy":"product_tag","embeddable":true,"href":"https:\/\/hortodocampogrande.pt\/en\/wp-json\/wp\/v2\/product_tag?post=87681"}],"curies":[{"name":"wp","href":"https:\/\/api.w.org\/{rel}","templated":true}]}}