{"id":87725,"date":"2026-03-18T13:59:24","date_gmt":"2026-03-18T13:59:24","guid":{"rendered":"https:\/\/hortodocampogrande.pt\/produto\/uncategorized\/snake-plant-barbara-sansevieria-trifasciata-laurentii-30-cm-pot-1-m-tall\/"},"modified":"2026-03-18T13:59:24","modified_gmt":"2026-03-18T13:59:24","slug":"snake-plant-barbara-sansevieria-trifasciata-laurentii-30-cm-pot-1-m-tall","status":"publish","type":"product","link":"https:\/\/hortodocampogrande.pt\/en\/produto\/plants\/indoor-plants\/snake-plant-barbara-sansevieria-trifasciata-laurentii-30-cm-pot-1-m-tall\/","title":{"rendered":"Snake Plant B\u00e1rbara &#8211; Sansevieria trifasciata &#8216;Laurentii&#8217; (30 cm pot, 1 m tall)"},"content":{"rendered":"<p>The Snake Plant is one of the most popular plants used in interior decoration. Its green leaves with yellow edges are sword-shaped (hence its common name) <strong>and it\u2019s unusual for them to be as long as these specimens, which reach up to 1m!<\/strong> In our climate, it thrives best indoors. It\u2019s a low-maintenance plant, making it almost impossible not to survive in your home, as it tolerates adverse conditions like long dry spells, temperature fluctuations, or shadier spots. It&#8217;s also the ideal plant for indoor environments because it belongs to the group of &#8220;air purifiers&#8221;, meaning it helps remove toxins from the air (such as formaldehyde and benzene) and improve relative humidity. As with other Sansevierias, its growth is slow and a sign of dryness\/lack of water is the appearance of &#8220;wrinkles&#8221; (typical dehydration ridges) on the leaves, which also look more withered, just as human skin would. In this case, simply increase the amount or frequency of watering, always allowing the water to drain after watering and ensuring the soil dries well between each watering.<\/p>\n<p><strong>Scientific name<\/strong>: <em>Sansevieria trifasciata &#8216;Laurentii&#8217;<\/em><br \/><strong>Common names<\/strong>: Snake Plant, Mother-in-Law&#8217;s Tongue, Lizard&#8217;s Tail<br \/><strong>Family<\/strong>: <em>Asparagaceae<\/em><br \/><strong>Origin<\/strong>: West Africa and India<br \/><strong>Climate: <\/strong>Tropical and subtropical<br \/><strong>Category<\/strong>: Indoor plant<br \/><strong>Approximate height<\/strong>: 100cm<br \/><strong>Pot diameter<\/strong>: 30cm<\/p>\n<p><strong>CUIDADOS<\/strong><br \/><strong>Light<\/strong>: Prefers bright indirect light, but tolerates low-light conditions. Avoid prolonged exposure to direct sunlight, which can cause leaf burn.<br \/><strong>Temperature<\/strong>: Ideal between 15\u00b0C and 25\u00b0C (avoid temperatures below 10\u00b0C).<br \/><strong>Watering<\/strong>: Water when the substrate is completely dry. Don&#8217;t leave standing water in saucers or decorative pots without drainage holes.<br \/><strong>Humidity<\/strong>: Adapts well to low-humidity environments. Doesn\u2019t need regular misting, but it\u2019s recommended to wipe the leaves with a damp cloth to keep the plant looking great and healthy.<br \/><strong>Fertilization<\/strong>: Apply during spring and summer.<br \/><strong>Pruning<\/strong>: Remove damaged or dry leaves at the base with clean scissors. Avoid cutting leaf tips, as they don&#8217;t regenerate.<br \/><strong>Soil<\/strong>: Light and well-draining substrate, preferably sandy (for cacti and succulents will be ideal). Avoid soils that retain too much moisture.<br \/><strong>Not Pet Friendly<\/strong>: Toxic to pets if ingested, may cause gastrointestinal irritation.<\/p>\n<p>WARNING! Representative photo \u2013 the image shown is of a stock item at the time of cataloging and serves as a reference. A planta fornecida ser\u00e1 similar \u00e0 da foto sendo que, dependendo da fase do ciclo vegetativo em que se encontre, poder\u00e1 variar na forma, apar\u00eancia ou tamanho (ex: outra tonalidade de folha, com ou sem flor\/fruto, etc). A altura referida inclui o vaso pl\u00e1stico que se v\u00ea na fotografia.<\/p>\n","protected":false},"excerpt":{"rendered":"<p>The Snake Plant is one of the most popular plants used in interior decoration. Its green leaves with yellow edges are sword-shaped (hence its common name) and it\u2019s unusual for them to be as long as these specimens, which reach up to 1m! In our climate, it thrives best indoors. It\u2019s a low-maintenance plant, making [&hellip;]<\/p>\n","protected":false},"featured_media":87721,"template":"","meta":{"_acf_changed":false,"_seopress_robots_primary_cat":"","_seopress_titles_title":"","_seopress_titles_desc":"","_seopress_robots_index":""},"product_brand":[],"product_cat":[1411,743],"product_tag":[],"class_list":{"0":"post-87725","1":"product","2":"type-product","3":"status-publish","4":"has-post-thumbnail","6":"product_cat-indoor-plants","7":"product_cat-plants","9":"first","10":"instock","11":"taxable","12":"shipping-taxable","13":"purchasable","14":"product-type-simple"},"acf":[],"_links":{"self":[{"href":"https:\/\/hortodocampogrande.pt\/en\/wp-json\/wp\/v2\/product\/87725","targetHints":{"allow":["GET"]}}],"collection":[{"href":"https:\/\/hortodocampogrande.pt\/en\/wp-json\/wp\/v2\/product"}],"about":[{"href":"https:\/\/hortodocampogrande.pt\/en\/wp-json\/wp\/v2\/types\/product"}],"wp:featuredmedia":[{"embeddable":true,"href":"https:\/\/hortodocampogrande.pt\/en\/wp-json\/wp\/v2\/media\/87721"}],"wp:attachment":[{"href":"https:\/\/hortodocampogrande.pt\/en\/wp-json\/wp\/v2\/media?parent=87725"}],"wp:term":[{"taxonomy":"product_brand","embeddable":true,"href":"https:\/\/hortodocampogrande.pt\/en\/wp-json\/wp\/v2\/product_brand?post=87725"},{"taxonomy":"product_cat","embeddable":true,"href":"https:\/\/hortodocampogrande.pt\/en\/wp-json\/wp\/v2\/product_cat?post=87725"},{"taxonomy":"product_tag","embeddable":true,"href":"https:\/\/hortodocampogrande.pt\/en\/wp-json\/wp\/v2\/product_tag?post=87725"}],"curies":[{"name":"wp","href":"https:\/\/api.w.org\/{rel}","templated":true}]}}