{"id":87766,"date":"2026-03-19T16:47:01","date_gmt":"2026-03-19T16:47:01","guid":{"rendered":"https:\/\/hortodocampogrande.pt\/produto\/uncategorized\/pink-hydrangea-hydrangea-macrophylla-13cm-pot\/"},"modified":"2026-03-19T16:47:01","modified_gmt":"2026-03-19T16:47:01","slug":"pink-hydrangea-hydrangea-macrophylla-13cm-pot","status":"publish","type":"product","link":"https:\/\/hortodocampogrande.pt\/en\/produto\/outdoor-plants\/pink-hydrangea-hydrangea-macrophylla-13cm-pot\/","title":{"rendered":"Pink Hydrangea &#8211; Hydrangea macrophylla (13cm pot)"},"content":{"rendered":"<p><em>Hydrangea macrophylla<\/em>, known as hydrangea, is an elegant ornamental plant highly prized for its lush blooms which\u2014just like the Geranium\u2014is a must-have for any Portuguese balcony, terrace, or garden! Its large, rounded, and voluminous blooms, <strong>in shades of light or deep pink<\/strong>, made up of dozens of delicate petals, create a highly decorative effect. It usually blooms from spring to late summer, providing a long-lasting display of color and freshness. Besides its beauty, it&#8217;s relatively easy to care for. It&#8217;s essential to place it in spots with plenty of indirect light (it can&#8217;t handle direct sun) and ensure regular watering during hot months without waterlogging\u2014watch out for saucers or decorative pots without drainage holes where water can collect! It&#8217;s perfect as a gift or for creating garden borders and colorful corners on balconies or terraces. It&#8217;s a plant that adds a natural, elegant, and cozy touch to any environment.<\/p>\n<p><strong>Scientific name<\/strong>: <em>Hydrangea macrophylla<\/em><br \/><strong>Common names<\/strong>: Hydrangea<br \/><strong>Family<\/strong>: <em>Hydrangeaceae<\/em><br \/><strong>Origin<\/strong>: East Asia<br \/><strong>Climate<\/strong>: Humid temperate<br \/><strong>Category<\/strong>: Outdoor plant<br \/><strong>Approximate height<\/strong>: 40cm<br \/><strong>Pot diameter<\/strong>: 13cm<\/p>\n<p><strong>CUIDADOS<\/strong><br \/><strong>Light<\/strong>: Prefers bright indirect light or partial shade. It tolerates lower light, but if placed in a spot that&#8217;s too shady, it may not bloom. Do not place the pot or planter\/do not plant in spots exposed to direct sun, especially during the hottest hours of the day.<br \/><strong>Temperature<\/strong>: Ideal between 15\u00b0C and 25\u00b0C (avoid temperatures below 5\u00b0C or above 30\u00b0C)<br \/><strong>Watering<\/strong>: Water when the substrate is completely dry. Don&#8217;t leave standing water in saucers or decorative pots without drainage holes.<br \/><strong>Humidity<\/strong>: Native to humid forests and mountain slopes, it thrives best in cool, damp environments\u2014in southern Portugal, it&#8217;s a good idea to plant it in a north-facing spot or next to a wall that provides shade during the hottest months.<br \/><strong>Fertilisation<\/strong>: Apply an acid-loving plant fertiliser in spring-summer, as directed on the label, to promote abundant flowering. <br \/><strong>Pruning<\/strong>: Deadhead wilted flowers to stimulate new blooms.<br \/><strong>Soil<\/strong>: Organic-rich, well-drained substrate\/soil with an acidic pH\u2014an ericaceous compost is suitable. Just like with Camellias, Azaleas, Blueberries, etc., it&#8217;s essential to grow Hydrangeas in acidic substrate to ensure healthy development.<br \/><strong>Not Pet Friendly<\/strong>: Toxic to pets.<\/p>\n<p><strong>Fun Fact<\/strong>: Soil pH influences flower color\u2014more acidic soil favors blue\/purple tones. In Portugal, hydrangeas tend to grow very well in cooler, more humid areas where the soil also has a naturally more acidic pH, such as Northern Portugal and the Azores, where they are particularly abundant.<\/p>\n<p>WARNING! Representative photo \u2013 the image shown is of a stock item at the time of cataloging and serves as a reference. A planta fornecida ser\u00e1 similar \u00e0 da foto sendo que, dependendo da fase do ciclo vegetativo em que se encontre, poder\u00e1 variar na forma, apar\u00eancia ou tamanho (ex: outra tonalidade de folha, com ou sem flor\/fruto, etc). A altura referida inclui o vaso pl\u00e1stico que se v\u00ea na fotografia.<\/p>\n","protected":false},"excerpt":{"rendered":"<p>Hydrangea macrophylla, known as hydrangea, is an elegant ornamental plant highly prized for its lush blooms which\u2014just like the Geranium\u2014is a must-have for any Portuguese balcony, terrace, or garden! Its large, rounded, and voluminous blooms, in shades of light or deep pink, made up of dozens of delicate petals, create a highly decorative effect. It [&hellip;]<\/p>\n","protected":false},"featured_media":87751,"template":"","meta":{"_acf_changed":false,"_seopress_robots_primary_cat":"","_seopress_titles_title":"","_seopress_titles_desc":"","_seopress_robots_index":""},"product_brand":[],"product_cat":[744,743],"product_tag":[],"class_list":{"0":"post-87766","1":"product","2":"type-product","3":"status-publish","4":"has-post-thumbnail","6":"product_cat-outdoor-plants","7":"product_cat-plants","9":"first","10":"instock","11":"taxable","12":"shipping-taxable","13":"purchasable","14":"product-type-simple"},"acf":[],"_links":{"self":[{"href":"https:\/\/hortodocampogrande.pt\/en\/wp-json\/wp\/v2\/product\/87766","targetHints":{"allow":["GET"]}}],"collection":[{"href":"https:\/\/hortodocampogrande.pt\/en\/wp-json\/wp\/v2\/product"}],"about":[{"href":"https:\/\/hortodocampogrande.pt\/en\/wp-json\/wp\/v2\/types\/product"}],"wp:featuredmedia":[{"embeddable":true,"href":"https:\/\/hortodocampogrande.pt\/en\/wp-json\/wp\/v2\/media\/87751"}],"wp:attachment":[{"href":"https:\/\/hortodocampogrande.pt\/en\/wp-json\/wp\/v2\/media?parent=87766"}],"wp:term":[{"taxonomy":"product_brand","embeddable":true,"href":"https:\/\/hortodocampogrande.pt\/en\/wp-json\/wp\/v2\/product_brand?post=87766"},{"taxonomy":"product_cat","embeddable":true,"href":"https:\/\/hortodocampogrande.pt\/en\/wp-json\/wp\/v2\/product_cat?post=87766"},{"taxonomy":"product_tag","embeddable":true,"href":"https:\/\/hortodocampogrande.pt\/en\/wp-json\/wp\/v2\/product_tag?post=87766"}],"curies":[{"name":"wp","href":"https:\/\/api.w.org\/{rel}","templated":true}]}}