{"id":88203,"date":"2026-03-27T15:17:55","date_gmt":"2026-03-27T15:17:55","guid":{"rendered":"https:\/\/hortodocampogrande.pt\/produto\/uncategorized\/spider-plant-chlorophytum-sp-12cm-pot\/"},"modified":"2026-03-27T16:16:54","modified_gmt":"2026-03-27T16:16:54","slug":"spider-plant-chlorophytum-sp-12cm-pot","status":"publish","type":"product","link":"https:\/\/hortodocampogrande.pt\/en\/produto\/plants\/indoor-plants\/spider-plant-chlorophytum-sp-12cm-pot\/","title":{"rendered":"Spider Plant &#8211; Chlorophytum sp (12cm pot)"},"content":{"rendered":"<p>This is an easy-care plant, very versatile, beneficial for your health, with an elegant appearance and absolutely classic, either because it reminds us of our grandmothers&#8217; homes, or because we often see it at building entrances. It&#8217;s perfect for indoors, as it purifies the air and improves environmental quality, but in our climate it does beautifully outdoors. It may suffer a bit or become less lush (with burnt leaves) during the coldest months of the year, but generally, it adapts well to outdoor spaces, growing relatively fast and requiring practically no maintenance, especially if it&#8217;s in the ground and in locations with adequate sun exposure (indirect light &#8211; it doesn&#8217;t tolerate direct sun, especially during the hottest hours). Besides its popular leaves, thin and arching, in vibrant green tones, the Spider Plant produces long stems that develop from the mother plant, along which small plantlets appear &#8211; the so-called &#8220;pups&#8221; &#8211; giving it a light and dynamic appearance, creating a very decorative cascading effect, ideal for hanging pots or shelves. And as if that weren&#8217;t enough, it&#8217;s also a Pet Friendly plant! This is, without a doubt, one of the best options for beginners, plant lovers and Plant Styling enthusiasts. <\/p>\n<p><strong>Scientific name<\/strong>: Chlorophytum sp.<br \/><strong>Common names<\/strong>: Spider Plant, Chlorophytum<br \/><strong>Family:<\/strong> Asparagaceae<br \/><strong>Origin<\/strong>: Africa<br \/><strong>Climate<\/strong>: Tropical, Subtropical<br \/><strong>Category<\/strong>: Indoor or outdoor plant<br \/><strong>Approximate height<\/strong>: 20cm<br \/><strong>Pot diameter<\/strong>: 12cm<\/p>\n<p>CUIDADOS<br \/><strong>Light<\/strong>: Loves bright indirect light, meaning it prefers to be placed in locations where it doesn&#8217;t get direct sun. It tolerates environments with less natural light but if they&#8217;re too shady, growth may be slower or even compromised.<br \/><strong>Temperature<\/strong>: Prefers mild temperatures. It can\u2019t handle temperatures below 5\u00b0C.<br \/><strong>Watering<\/strong>: Moderate. If it&#8217;s in a pot\/planter, watch out for standing water in the saucer as it increases the risk of root rot.<br \/><strong>Fertilization<\/strong>: Not demanding, but benefits from fertilization during the growing season (spring-summer) to grow more vigorously and keep leaves green and healthy.<br \/><strong>Pruning<\/strong>: Light &#8211; only to keep the plant beautiful and healthy (remove dry or damaged leaves) or to control\/manage the number of stems\/shoots.<br \/><strong>Soil<\/strong>: Light and well-drained. A universal substrate will be suitable. If planting in a pot, you should apply a layer of expanded clay at the bottom before the substrate.<br \/><strong>Pet Friendly<\/strong>: Considered a safe plant for pets.<\/p>\n<p>WARNING! Representative photo \u2013 the image shown is of a stock item at the time of cataloging and serves as a reference. A planta fornecida ser\u00e1 similar \u00e0 da foto sendo que, dependendo da fase do ciclo vegetativo em que se encontre, poder\u00e1 variar na forma, apar\u00eancia ou tamanho (ex: outra tonalidade de folha, com ou sem flor\/fruto, etc). A altura referida inclui o vaso pl\u00e1stico que se v\u00ea na fotografia.<\/p>\n","protected":false},"excerpt":{"rendered":"<p>This is an easy-care plant, very versatile, beneficial for your health, with an elegant appearance and absolutely classic, either because it reminds us of our grandmothers&#8217; homes, or because we often see it at building entrances. It&#8217;s perfect for indoors, as it purifies the air and improves environmental quality, but in our climate it does [&hellip;]<\/p>\n","protected":false},"featured_media":88198,"template":"","meta":{"_acf_changed":false,"_seopress_robots_primary_cat":"","_seopress_titles_title":"","_seopress_titles_desc":"","_seopress_robots_index":""},"product_brand":[],"product_cat":[1411,744,743],"product_tag":[],"class_list":{"0":"post-88203","1":"product","2":"type-product","3":"status-publish","4":"has-post-thumbnail","6":"product_cat-indoor-plants","7":"product_cat-outdoor-plants","8":"product_cat-plants","10":"first","11":"instock","12":"taxable","13":"shipping-taxable","14":"purchasable","15":"product-type-simple"},"acf":[],"_links":{"self":[{"href":"https:\/\/hortodocampogrande.pt\/en\/wp-json\/wp\/v2\/product\/88203","targetHints":{"allow":["GET"]}}],"collection":[{"href":"https:\/\/hortodocampogrande.pt\/en\/wp-json\/wp\/v2\/product"}],"about":[{"href":"https:\/\/hortodocampogrande.pt\/en\/wp-json\/wp\/v2\/types\/product"}],"wp:featuredmedia":[{"embeddable":true,"href":"https:\/\/hortodocampogrande.pt\/en\/wp-json\/wp\/v2\/media\/88198"}],"wp:attachment":[{"href":"https:\/\/hortodocampogrande.pt\/en\/wp-json\/wp\/v2\/media?parent=88203"}],"wp:term":[{"taxonomy":"product_brand","embeddable":true,"href":"https:\/\/hortodocampogrande.pt\/en\/wp-json\/wp\/v2\/product_brand?post=88203"},{"taxonomy":"product_cat","embeddable":true,"href":"https:\/\/hortodocampogrande.pt\/en\/wp-json\/wp\/v2\/product_cat?post=88203"},{"taxonomy":"product_tag","embeddable":true,"href":"https:\/\/hortodocampogrande.pt\/en\/wp-json\/wp\/v2\/product_tag?post=88203"}],"curies":[{"name":"wp","href":"https:\/\/api.w.org\/{rel}","templated":true}]}}