{"id":88304,"date":"2026-02-12T11:41:44","date_gmt":"2026-02-12T11:41:44","guid":{"rendered":"https:\/\/hortodocampogrande.pt\/produto\/uncategorized\/poets-jasmine-jasminum-polyanthum-17-cm-pot\/"},"modified":"2026-04-24T08:38:59","modified_gmt":"2026-04-24T07:38:59","slug":"poets-jasmine-jasminum-polyanthum-17-cm-pot","status":"publish","type":"product","link":"https:\/\/hortodocampogrande.pt\/en\/produto\/outdoor-plants\/poets-jasmine-jasminum-polyanthum-17-cm-pot\/","title":{"rendered":"Poet&#8217;s Jasmine &#8211; Jasminum polyanthum (17 cm pot)"},"content":{"rendered":"<p>A popular climber, thanks to its abundant, highly ornamental flowers\u2014in shades from pink to white\u2014and its intense fragrance. In late winter and early spring, it produces an abundance of reddish-pink flower buds, followed by fragrant, star-shaped white flowers with five petals, about 2 cm in diameter. At that time, it provides wonderful, lush coverage for walls, gates, fences, trellises, pergolas and other structures its stems can cling to, including balconies. It grows relatively fast and can reach 6 m in height (if grown in the ground; in a pot or planter, this kind of growth will be difficult). It doesn\u2019t tolerate sub-zero temperatures well, so growing conditions should take that into account, and it needs plenty of direct sun to flower and develop healthily.<\/p>\n<p><strong>Scientific name<\/strong>: <em>Jasminum polyanthum<\/em><br \/><strong>Common names<\/strong>: Poet\u2019s jasmine, Pink jasmine<br \/><strong>Family<\/strong>: <em>Oleaceae<\/em><br \/><strong>Origin<\/strong>: China and Myanmar<br \/><strong>Climate<\/strong>: Mediterranean, Subtropical, Temperate<br \/><strong>Category<\/strong>: Outdoor plant<br \/><strong>Approx. height<\/strong>: 1 m<br \/><strong>Pot diameter<\/strong>: 17 cm<\/p>\n<p><strong>CUIDADOS<\/strong><br \/><strong>Light<\/strong>: Grow in full sun or partial shade (e.g., direct sun only in the morning). In very hot climates, it benefits from some protection during the hours of strongest sun in the hottest months of the year.<br \/><strong>Temperature<\/strong>: Prefers mild temperatures. It can\u2019t handle temperatures below 5\u00b0C.<br \/><strong>Watering<\/strong>: Moderate. It needs more watering during the flowering season but is sensitive to waterlogging. If it\u2019s in a pot\/planter, watch out for standing water in the saucer, as it increases the risk of root rot.<br \/><strong>Fertilising<\/strong>: Apply slow-release fertiliser for outdoor plants during spring\u2013summer to encourage growth\/flowering.<br \/><strong>Pruning<\/strong>: Needs annual clean-up pruning and training, which will keep the plant vigorous and floriferous. <br \/><strong>Life cycle<\/strong>: Perennial.<br \/><strong>Soil<\/strong>: Use a substrate for outdoor plants\u2014rich in organic matter and with good drainage.<br \/><strong>Pet Friendly<\/strong>: Considered a pet-safe plant according to the ASPCA. However, eating large amounts may cause digestive issues, so it\u2019s recommended to keep an eye on more curious pets around the plant.<\/p>\n<p><strong>Fun fact<\/strong>: Often associated with love and luck in some cultures, it\u2019s also frequently used to make perfumes and fragranced products.<\/p>\n<p>WARNING! Representative photo \u2013 the image shown is of a stock item at the time of cataloging and serves as a reference. A planta fornecida ser\u00e1 similar \u00e0 da foto sendo que, dependendo da fase do ciclo vegetativo em que se encontre, poder\u00e1 variar na forma, apar\u00eancia ou tamanho (ex: outra tonalidade de folha, com ou sem flor\/fruto, etc). A altura referida inclui o vaso pl\u00e1stico que se v\u00ea na fotografia.<\/p>\n","protected":false},"excerpt":{"rendered":"<p>A popular climber, thanks to its abundant, highly ornamental flowers\u2014in shades from pink to white\u2014and its intense fragrance. In late winter and early spring, it produces an abundance of reddish-pink flower buds, followed by fragrant, star-shaped white flowers with five petals, about 2 cm in diameter. At that time, it provides wonderful, lush coverage for [&hellip;]<\/p>\n","protected":false},"featured_media":90182,"template":"","meta":{"_acf_changed":false,"_seopress_robots_primary_cat":"","_seopress_titles_title":"","_seopress_titles_desc":"","_seopress_robots_index":""},"product_brand":[],"product_cat":[744,743],"product_tag":[],"class_list":{"0":"post-88304","1":"product","2":"type-product","3":"status-publish","4":"has-post-thumbnail","6":"product_cat-outdoor-plants","7":"product_cat-plants","9":"first","10":"instock","11":"taxable","12":"shipping-taxable","13":"purchasable","14":"product-type-simple"},"acf":[],"_links":{"self":[{"href":"https:\/\/hortodocampogrande.pt\/en\/wp-json\/wp\/v2\/product\/88304","targetHints":{"allow":["GET"]}}],"collection":[{"href":"https:\/\/hortodocampogrande.pt\/en\/wp-json\/wp\/v2\/product"}],"about":[{"href":"https:\/\/hortodocampogrande.pt\/en\/wp-json\/wp\/v2\/types\/product"}],"wp:featuredmedia":[{"embeddable":true,"href":"https:\/\/hortodocampogrande.pt\/en\/wp-json\/wp\/v2\/media\/90182"}],"wp:attachment":[{"href":"https:\/\/hortodocampogrande.pt\/en\/wp-json\/wp\/v2\/media?parent=88304"}],"wp:term":[{"taxonomy":"product_brand","embeddable":true,"href":"https:\/\/hortodocampogrande.pt\/en\/wp-json\/wp\/v2\/product_brand?post=88304"},{"taxonomy":"product_cat","embeddable":true,"href":"https:\/\/hortodocampogrande.pt\/en\/wp-json\/wp\/v2\/product_cat?post=88304"},{"taxonomy":"product_tag","embeddable":true,"href":"https:\/\/hortodocampogrande.pt\/en\/wp-json\/wp\/v2\/product_tag?post=88304"}],"curies":[{"name":"wp","href":"https:\/\/api.w.org\/{rel}","templated":true}]}}