{"id":89011,"date":"2026-04-13T11:51:30","date_gmt":"2026-04-13T10:51:30","guid":{"rendered":"https:\/\/hortodocampogrande.pt\/produto\/uncategorized\/weber-bbq-spatula-tongs-set\/"},"modified":"2026-04-13T11:51:30","modified_gmt":"2026-04-13T10:51:30","slug":"weber-bbq-spatula-tongs-set","status":"publish","type":"product","link":"https:\/\/hortodocampogrande.pt\/en\/produto\/weber-grills\/accessories-en\/weber-bbq-spatula-tongs-set\/","title":{"rendered":"Weber\u00ae BBQ Spatula  Tongs Set"},"content":{"rendered":"<p>The Precision BBQ Spatula  Tongs Set is designed for top performance. Both tools feature a sturdy stainless-steel construction and a soft-touch handle for added comfort and control. The easy-locking tongs are designed with a flattened front edge that ensures a secure grip when picking up and turning delicate foods. The spatula has a 3-sided bevelled edge to easily slide under food. Both tools are dishwasher-safe for easy cleaning.<\/p>\n<p>\u2022 Includes Precision BBQ Tongs and Spatula<br \/>\u2022 Concebido para um controlo preciso e melhor manuseamento dos alimentos<br \/>\u2022 Design inclinado da ponta com 3 lados para facilitar o uso e virar com precis\u00e3o<br \/>\u2022 Pin\u00e7a de bloqueio f\u00e1cil para um uso f\u00e1cil e armazenamento compacto<br \/>\u2022 Durable stainless-steel construction<br \/>\u2022 Pega de toque suave para maior ader\u00eancia<br \/>\u2022 Adequada para m\u00e1quina de lavar loi\u00e7a para uma limpeza f\u00e1cil<br \/>\u2022 Presilha em metal para pendurar<\/p>\n<p><strong>Specifications<\/strong>:<br \/>Pack dimensions: 58 cm H x 21 cm W x 5.5 cm D<br \/>Material: Stainless steel<br \/>Quantity: 2 pieces<br \/>Instructions: Dishwasher-safe<\/p>\n","protected":false},"excerpt":{"rendered":"<p>The Precision BBQ Spatula Tongs Set is designed for top performance. Both tools feature a sturdy stainless-steel construction and a soft-touch handle for added comfort and control. The easy-locking tongs are designed with a flattened front edge that ensures a secure grip when picking up and turning delicate foods. The spatula has a 3-sided bevelled [&hellip;]<\/p>\n","protected":false},"featured_media":88965,"template":"","meta":{"_acf_changed":false,"_seopress_robots_primary_cat":"","_seopress_titles_title":"","_seopress_titles_desc":"","_seopress_robots_index":""},"product_brand":[],"product_cat":[903,754],"product_tag":[],"class_list":{"0":"post-89011","1":"product","2":"type-product","3":"status-publish","4":"has-post-thumbnail","6":"product_cat-accessories-en","7":"product_cat-weber-grills","9":"first","10":"instock","11":"taxable","12":"shipping-taxable","13":"purchasable","14":"product-type-simple"},"acf":[],"_links":{"self":[{"href":"https:\/\/hortodocampogrande.pt\/en\/wp-json\/wp\/v2\/product\/89011","targetHints":{"allow":["GET"]}}],"collection":[{"href":"https:\/\/hortodocampogrande.pt\/en\/wp-json\/wp\/v2\/product"}],"about":[{"href":"https:\/\/hortodocampogrande.pt\/en\/wp-json\/wp\/v2\/types\/product"}],"wp:featuredmedia":[{"embeddable":true,"href":"https:\/\/hortodocampogrande.pt\/en\/wp-json\/wp\/v2\/media\/88965"}],"wp:attachment":[{"href":"https:\/\/hortodocampogrande.pt\/en\/wp-json\/wp\/v2\/media?parent=89011"}],"wp:term":[{"taxonomy":"product_brand","embeddable":true,"href":"https:\/\/hortodocampogrande.pt\/en\/wp-json\/wp\/v2\/product_brand?post=89011"},{"taxonomy":"product_cat","embeddable":true,"href":"https:\/\/hortodocampogrande.pt\/en\/wp-json\/wp\/v2\/product_cat?post=89011"},{"taxonomy":"product_tag","embeddable":true,"href":"https:\/\/hortodocampogrande.pt\/en\/wp-json\/wp\/v2\/product_tag?post=89011"}],"curies":[{"name":"wp","href":"https:\/\/api.w.org\/{rel}","templated":true}]}}