{"id":89335,"date":"2026-04-15T17:34:11","date_gmt":"2026-04-15T16:34:11","guid":{"rendered":"https:\/\/hortodocampogrande.pt\/produto\/uncategorized\/ficus-ginseng-with-decorative-pot-ficus-microcarpa-12-cm-pot\/"},"modified":"2026-04-15T17:34:11","modified_gmt":"2026-04-15T16:34:11","slug":"ficus-ginseng-with-decorative-pot-ficus-microcarpa-12-cm-pot","status":"publish","type":"product","link":"https:\/\/hortodocampogrande.pt\/en\/produto\/plants\/indoor-plants\/ficus-ginseng-with-decorative-pot-ficus-microcarpa-12-cm-pot\/","title":{"rendered":"Ficus Ginseng with decorative pot &#8211; Ficus microcarpa (12 cm pot)"},"content":{"rendered":"<p>Ficus Ginseng is a much-loved indoor plant for its robust, sculptural trunk, reminiscent of a Bonsai, and its crown of glossy green leaves. It\u2019s a hardy, easy-care plant, ideal for both beginners and plant lovers. Besides its beauty, it can help purify toxins in the thin layer of air around it, refreshing the air nearby. Turning the pot occasionally is always a good idea, as it helps keep growth balanced. And avoiding overwatering is the key to success!<\/p>\n<p>This offer includes the decorative ceramic pot shown in the image, making it a perfect solution if you want to surprise someone with a highly ornamental plant that will look great in any indoor space.<\/p>\n<p><strong>Scientific name<\/strong>: <em>Ficus microcarpa<\/em><br \/><strong>Common names<\/strong>: Ficus Ginseng<br \/><strong>Family<\/strong>: <em>Moraceae<\/em><br \/><strong>Origin:<\/strong> Asia<br \/><strong>Climate:<\/strong> Tropical<br \/><strong>Category<\/strong>: Indoor plant<br \/><strong>Approximate height<\/strong>: 35cm<br \/><strong>Inner pot diameter (plastic)<\/strong>: 12 cm<\/p>\n<p><strong>CUIDADOS<\/strong><br \/><strong>Light<\/strong>: Likes plenty of bright, indirect light, tolerating direct sun early or late in the day.<br \/><strong>Temperature<\/strong>: Ideal between 15\u201325\u00b0C. It likes mild environments and appreciates some humidity, but adapts well to most indoor spaces, as long as it\u2019s kept away from draughts and heating\/cooling systems.<br \/><strong>Watering<\/strong>: When the substrate starts to dry out, water generously, letting the plastic pot drain excess water well. Don\u2019t let drained water sit in the decorative pot, as it will lead to root rot (one symptom is softening and leaf drop). After watering, you can leave the plant in the decorative pot for a while to absorb water, but then you should discard any water left at the bottom of the decorative pot before placing the plastic pot back inside.<br \/><strong>Soil<\/strong>: Well-draining substrate, ideally specific for Bonsai or indoor plants.  <br \/><strong>Fertilising<\/strong>: Fertilise during the growing season (Mar\u2013Sep) with a fertiliser suitable for green plants.<br \/><strong>Pruning<\/strong>: Can be pruned to keep a compact Bonsai shape, and light pruning will help encourage denser growth.<br \/><strong>Not pet friendly<\/strong>: Considered toxic to dogs and cats.<\/p>\n<p><strong>Fun fact<\/strong>: The word Ginseng in Chinese means root, and this species was named so because it has a robust root system that resembles the plant\/tree\u2019s trunk\u2014so you wouldn\u2019t guess it\u2019s actually part of the root.<\/p>\n<p>WARNING! Representative photo:<br \/>-the image shown is of a specimen in stock at the time the product was added to the online catalogue, and is therefore for reference. A planta fornecida ser\u00e1 similar \u00e0 da foto sendo que, dependendo da fase do ciclo vegetativo em que se encontre, poder\u00e1 variar na forma, apar\u00eancia ou tamanho (ex: outra tonalidade de folha, com ou sem flor\/fruto, etc).<br \/>-This offer is a pack\/set that includes: the plant (potted in a plastic pot with drainage holes) + the decorative pot shown in the image (no drainage hole)<\/p>\n<p>-The stated height includes the decorative pot shown in the photo.<\/p>\n","protected":false},"excerpt":{"rendered":"<p>Ficus Ginseng is a much-loved indoor plant for its robust, sculptural trunk, reminiscent of a Bonsai, and its crown of glossy green leaves. It\u2019s a hardy, easy-care plant, ideal for both beginners and plant lovers. Besides its beauty, it can help purify toxins in the thin layer of air around it, refreshing the air nearby. [&hellip;]<\/p>\n","protected":false},"featured_media":89134,"template":"","meta":{"_acf_changed":false,"_seopress_robots_primary_cat":"","_seopress_titles_title":"","_seopress_titles_desc":"","_seopress_robots_index":""},"product_brand":[],"product_cat":[1411,738,743],"product_tag":[],"class_list":{"0":"post-89335","1":"product","2":"type-product","3":"status-publish","4":"has-post-thumbnail","6":"product_cat-indoor-plants","7":"product_cat-mothers-day","8":"product_cat-plants","10":"first","11":"instock","12":"taxable","13":"shipping-taxable","14":"purchasable","15":"product-type-simple"},"acf":[],"_links":{"self":[{"href":"https:\/\/hortodocampogrande.pt\/en\/wp-json\/wp\/v2\/product\/89335","targetHints":{"allow":["GET"]}}],"collection":[{"href":"https:\/\/hortodocampogrande.pt\/en\/wp-json\/wp\/v2\/product"}],"about":[{"href":"https:\/\/hortodocampogrande.pt\/en\/wp-json\/wp\/v2\/types\/product"}],"wp:featuredmedia":[{"embeddable":true,"href":"https:\/\/hortodocampogrande.pt\/en\/wp-json\/wp\/v2\/media\/89134"}],"wp:attachment":[{"href":"https:\/\/hortodocampogrande.pt\/en\/wp-json\/wp\/v2\/media?parent=89335"}],"wp:term":[{"taxonomy":"product_brand","embeddable":true,"href":"https:\/\/hortodocampogrande.pt\/en\/wp-json\/wp\/v2\/product_brand?post=89335"},{"taxonomy":"product_cat","embeddable":true,"href":"https:\/\/hortodocampogrande.pt\/en\/wp-json\/wp\/v2\/product_cat?post=89335"},{"taxonomy":"product_tag","embeddable":true,"href":"https:\/\/hortodocampogrande.pt\/en\/wp-json\/wp\/v2\/product_tag?post=89335"}],"curies":[{"name":"wp","href":"https:\/\/api.w.org\/{rel}","templated":true}]}}