{"id":89730,"date":"2026-04-20T11:36:24","date_gmt":"2026-04-20T10:36:24","guid":{"rendered":"https:\/\/hortodocampogrande.pt\/produto\/uncategorized\/weber-utensil-mat\/"},"modified":"2026-04-20T11:36:24","modified_gmt":"2026-04-20T10:36:24","slug":"weber-utensil-mat","status":"publish","type":"product","link":"https:\/\/hortodocampogrande.pt\/en\/produto\/weber-grills\/accessories-en\/weber-utensil-mat\/","title":{"rendered":"Weber\u00ae Utensil Mat"},"content":{"rendered":"<p>Keep surfaces clean and your utensils always close at hand. Made from durable, heat-resistant silicone, the utensil mat keeps your side tables free from dirt and scratches. Holds multiple barbecue utensils at once, and its raised edges contain grease and food residue.<\/p>\n<p>\u2022 Heat-resistant silicone material is durable and easy to clean<br \/>\u2022 Keeps the grill side tables clean and protects surfaces from scratches<br \/>\u2022 Holds multiple barbecue utensils at once<br \/>\u2022 Raised edges contain grease and food residue<br \/>\u2022 Adequada para m\u00e1quina de lavar loi\u00e7a para uma limpeza f\u00e1cil<\/p>\n<p><strong>Specifications<\/strong>:<br \/>Out of box dimensions: 1.5 cm H x 28 cm W x 23 cm D<br \/>Package dimensions: 23 cm H x 23 cm W x 1.5 cm D<br \/>Material: Silicone<br \/>Care instructions: Dishwasher safe<\/p>\n","protected":false},"excerpt":{"rendered":"<p>Keep surfaces clean and your utensils always close at hand. Made from durable, heat-resistant silicone, the utensil mat keeps your side tables free from dirt and scratches. Holds multiple barbecue utensils at once, and its raised edges contain grease and food residue. \u2022 Heat-resistant silicone material is durable and easy to clean\u2022 Keeps the grill [&hellip;]<\/p>\n","protected":false},"featured_media":89657,"template":"","meta":{"_acf_changed":false,"_seopress_robots_primary_cat":"","_seopress_titles_title":"","_seopress_titles_desc":"","_seopress_robots_index":""},"product_brand":[],"product_cat":[903,754],"product_tag":[],"class_list":{"0":"post-89730","1":"product","2":"type-product","3":"status-publish","4":"has-post-thumbnail","6":"product_cat-accessories-en","7":"product_cat-weber-grills","9":"first","10":"instock","11":"taxable","12":"shipping-taxable","13":"purchasable","14":"product-type-simple"},"acf":[],"_links":{"self":[{"href":"https:\/\/hortodocampogrande.pt\/en\/wp-json\/wp\/v2\/product\/89730","targetHints":{"allow":["GET"]}}],"collection":[{"href":"https:\/\/hortodocampogrande.pt\/en\/wp-json\/wp\/v2\/product"}],"about":[{"href":"https:\/\/hortodocampogrande.pt\/en\/wp-json\/wp\/v2\/types\/product"}],"wp:featuredmedia":[{"embeddable":true,"href":"https:\/\/hortodocampogrande.pt\/en\/wp-json\/wp\/v2\/media\/89657"}],"wp:attachment":[{"href":"https:\/\/hortodocampogrande.pt\/en\/wp-json\/wp\/v2\/media?parent=89730"}],"wp:term":[{"taxonomy":"product_brand","embeddable":true,"href":"https:\/\/hortodocampogrande.pt\/en\/wp-json\/wp\/v2\/product_brand?post=89730"},{"taxonomy":"product_cat","embeddable":true,"href":"https:\/\/hortodocampogrande.pt\/en\/wp-json\/wp\/v2\/product_cat?post=89730"},{"taxonomy":"product_tag","embeddable":true,"href":"https:\/\/hortodocampogrande.pt\/en\/wp-json\/wp\/v2\/product_tag?post=89730"}],"curies":[{"name":"wp","href":"https:\/\/api.w.org\/{rel}","templated":true}]}}