{"id":89732,"date":"2026-02-11T12:05:52","date_gmt":"2026-02-11T12:05:52","guid":{"rendered":"https:\/\/hortodocampogrande.pt\/produto\/uncategorized\/ficus-robusta-ficus-elastica-robusta-14-cm-pot\/"},"modified":"2026-02-11T12:05:52","modified_gmt":"2026-02-11T12:05:52","slug":"ficus-robusta-ficus-elastica-robusta-14-cm-pot","status":"publish","type":"product","link":"https:\/\/hortodocampogrande.pt\/en\/produto\/plants\/indoor-plants\/ficus-robusta-ficus-elastica-robusta-14-cm-pot\/","title":{"rendered":"Ficus Robusta &#8211; Ficus elastica &#8216;Robusta&#8217; (14 cm pot)"},"content":{"rendered":"<p>The <em>Ficus elastica \u2018Robusta\u2019<\/em> is a classic for interior d\u00e9cor! It&#8217;s a timeless plant associated with a retro-chic look, taking us back to 1970s decor. Despite this revival, and although it\u2019s not the exact cultivar used at the time, it\u2019s very similar but has broader, shinier leaves, boosting the exotic feel it brings to indoor (or outdoor) spaces. Like the <em>&#8220;Tineke&#8221;<\/em> variety, it\u2019s low-maintenance when it comes to watering\/care, very hardy, long-lasting, and easy to look after\u2014just occasional watering and frequent leaf cleaning to remove built-up dust and keep the plant healthy. In its natural habitat (or if grown in a suitable outdoor location) it can grow up to 60m. However, in a domestic environment, its growth will be more contained and controlled by the size of its pot and appropriate pruning. Ficus elastica are excellent at removing certain toxins from the air, making them purifying plants, ideal for indoor environments. <\/p>\n<p><strong>Scientific name<\/strong>: <em>Ficus elastica &#8216;Robusta&#8217;<\/em><br \/><strong>Common names<\/strong>: Ficus Robusta, Rubber plant, False rubber tree<br \/><strong>Family<\/strong>: <em>Moraceae<\/em><br \/><strong>Origin:<\/strong> South East Asia<br \/><strong>Climate:<\/strong> Tropical<br \/><strong>Category<\/strong>: Indoor plant<br \/><strong>Approximate height<\/strong>: 50cm<br \/><strong>Pot diameter<\/strong>: 14cm<\/p>\n<p><strong>CUIDADOS<\/strong><br \/><strong>Light<\/strong>: diffused\/filtered light, no direct sun.<br \/><strong>Watering<\/strong>: Allow soil to dry between waterings.<br \/><strong>Temperature<\/strong>: Ideal 15-24 \u00baC.<br \/><strong>Fertilization<\/strong>: Fertilize every two months during Spring and Summer using a liquid fertilizer. Follow the manufacturer&#8217;s instructions to ensure the correct dosage and provide the necessary nutrients for healthy growth.<br \/><strong>Not pet-friendly<\/strong>: Toxic to pets.<\/p>\n<p><strong>Fun facts<\/strong>: Besides being a stunning decorative houseplant, Ficus elastica \u2018Robusta\u2019 is also known for helping purify the air by removing toxins and improving indoor air quality.<\/p>\n<p>WARNING! Representative photo \u2013 the image shown is of a stock item at the time of cataloging and serves as a reference. A planta fornecida ser\u00e1 similar \u00e0 da foto sendo que, dependendo da fase do ciclo vegetativo em que se encontre, poder\u00e1 variar na forma, apar\u00eancia ou tamanho (ex: outra tonalidade de folha, com ou sem flor\/fruto, etc). A altura referida inclui o vaso pl\u00e1stico que se v\u00ea na fotografia.<\/p>\n","protected":false},"excerpt":{"rendered":"<p>The Ficus elastica \u2018Robusta\u2019 is a classic for interior d\u00e9cor! It&#8217;s a timeless plant associated with a retro-chic look, taking us back to 1970s decor. Despite this revival, and although it\u2019s not the exact cultivar used at the time, it\u2019s very similar but has broader, shinier leaves, boosting the exotic feel it brings to indoor [&hellip;]<\/p>\n","protected":false},"featured_media":85280,"template":"","meta":{"_acf_changed":false,"_seopress_robots_primary_cat":"","_seopress_titles_title":"","_seopress_titles_desc":"","_seopress_robots_index":""},"product_brand":[],"product_cat":[1411,743],"product_tag":[],"class_list":{"0":"post-89732","1":"product","2":"type-product","3":"status-publish","4":"has-post-thumbnail","6":"product_cat-indoor-plants","7":"product_cat-plants","9":"first","10":"instock","11":"taxable","12":"shipping-taxable","13":"purchasable","14":"product-type-simple"},"acf":[],"_links":{"self":[{"href":"https:\/\/hortodocampogrande.pt\/en\/wp-json\/wp\/v2\/product\/89732","targetHints":{"allow":["GET"]}}],"collection":[{"href":"https:\/\/hortodocampogrande.pt\/en\/wp-json\/wp\/v2\/product"}],"about":[{"href":"https:\/\/hortodocampogrande.pt\/en\/wp-json\/wp\/v2\/types\/product"}],"wp:featuredmedia":[{"embeddable":true,"href":"https:\/\/hortodocampogrande.pt\/en\/wp-json\/wp\/v2\/media\/85280"}],"wp:attachment":[{"href":"https:\/\/hortodocampogrande.pt\/en\/wp-json\/wp\/v2\/media?parent=89732"}],"wp:term":[{"taxonomy":"product_brand","embeddable":true,"href":"https:\/\/hortodocampogrande.pt\/en\/wp-json\/wp\/v2\/product_brand?post=89732"},{"taxonomy":"product_cat","embeddable":true,"href":"https:\/\/hortodocampogrande.pt\/en\/wp-json\/wp\/v2\/product_cat?post=89732"},{"taxonomy":"product_tag","embeddable":true,"href":"https:\/\/hortodocampogrande.pt\/en\/wp-json\/wp\/v2\/product_tag?post=89732"}],"curies":[{"name":"wp","href":"https:\/\/api.w.org\/{rel}","templated":true}]}}