{"id":89736,"date":"2026-04-20T13:24:54","date_gmt":"2026-04-20T12:24:54","guid":{"rendered":"https:\/\/hortodocampogrande.pt\/produto\/uncategorized\/bolsa-de-aromaticas-buenas-companeras-pack4-blanco\/"},"modified":"2026-04-20T13:24:54","modified_gmt":"2026-04-20T12:24:54","slug":"bolsa-de-aromaticas-buenas-companeras-pack4-blanco","status":"publish","type":"product","link":"https:\/\/hortodocampogrande.pt\/en\/produto\/outdoor-plants\/bolsa-de-aromaticas-buenas-companeras-pack4-blanco\/","title":{"rendered":"Bolsa de arom\u00e1ticas &#8220;Buenas compa\u00f1eras&#8221; &#8211; Pack4 blanco"},"content":{"rendered":"<p>Este pack incluye 1 bolsa + 3 hierbas arom\u00e1ticas: <strong>hierba luisa, hierba lim\u00f3n<\/strong>* <strong>y melisa<\/strong>. Estas plantas arom\u00e1ticas, culinarias y medicinales son excelentes compa\u00f1eras de cultivo porque adoran el sol, los suelos bien drenados y los riegos moderados; son perfectas para preparar t\u00e9s\/infusiones deliciosas, muy beneficiosas para la salud, que se pueden tomar calientes o fr\u00edas, seg\u00fan tu gusto o la ocasi\u00f3n. Prueba a mezclar hierba lim\u00f3n y hierba luisa en una infusi\u00f3n, a\u00f1ade una ramita de menta, media rodaja de lim\u00f3n, pon la mezcla en una jarra de cristal, d\u00e9jala en la nevera hasta que est\u00e9 bien fresca y ver\u00e1s si el sabor no es irresistible.<br \/>*En oto\u00f1o\/invierno la hierba lim\u00f3n parece secarse y su aspecto se vuelve raro (\u00a1feo, incluso!), pero es normal: forma parte del ciclo vegetativo de la planta. En primavera\/verano, y cuando crece, vuelve a ponerse verde y frondosa. Adem\u00e1s de necesitar mucho sol directo, esta planta no soporta el exceso de agua ni los suelos\/sustratos mal drenados. Tambi\u00e9n se puede cultivar cerca de las coles, ya que es beneficiosa.<\/p>\n<p><strong>Nombres cient\u00edficos<\/strong>: <em>Aloysia citrodora<\/em> \/ <em>Cymbopogon citratos<\/em> \/ <em>Melissa officinalis<\/em><br \/><strong>Nombres comunes<\/strong>: hierba luisa, hierba lim\u00f3n o t\u00e9 de lim\u00f3n, melisa o cidrera<br \/><strong>Familia<\/strong>: <em>Verbenaceae<\/em> \/ <em>Poaceae<\/em> \/ <em>Lamiaceae<\/em><br \/><strong>Origen<\/strong>: Am\u00e9rica del Sur \/ Sur y Sudeste Asi\u00e1tico \/ Regi\u00f3n Mediterr\u00e1nea y Norte de \u00c1frica<br \/><strong>Clima<\/strong>: Subtropical \/ Tropical \/ Mediterr\u00e1neo<br \/><strong>Category<\/strong>: Outdoor plant<br \/><strong>Approximate height<\/strong>: 15-25cm<br \/><strong>Di\u00e1metro de las macetas<\/strong>: 12 cm<br \/><strong>Bag dimensions<\/strong>: 43cm (W) x 33,5cm (H) x 15,5cm (D)<\/p>\n<p><strong>CUIDADOS<\/strong><br \/><strong>Light<\/strong>: They need at least 4h of full\/direct sun per day to thrive and for you to enjoy everything they offer (from the aroma to their properties and beautiful blooms).<br \/><strong>Watering<\/strong>: Moderate &#8211; these plants are drought-tolerant when in the ground, but when planted in pots or planters, they shouldn&#8217;t lack water, especially during the hottest months of the year. However, watch out for waterlogging and standing water in saucers! During winter, significantly reduce watering or let the rain hydrate your plants (except during periods of intense drought).<br \/><strong>Fertilisation<\/strong>: We recommend applying a fertiliser suitable for aromatics in spring-summer, following the dosage instructions on the label.<br \/><strong>Pruning<\/strong>: Daily harvesting of aromatics should be done from the outside in to keep the planter looking full. Make &#8220;clean&#8221; diagonal cuts to stimulate growth. Evita podas grandes en la hierba luisa cuando est\u00e9 en flor: puedes cortar ramitas con hojas para tus infusiones sin problema. En cuanto a la hierba lim\u00f3n, puedes podarla varias veces al a\u00f1o, porque cuanto m\u00e1s la podas, m\u00e1s bonita queda.<br \/><strong>Soil<\/strong>: Choosing a substrate suitable for aromatics and vegetables is the ideal solution. You can also grow them using outdoor plant substrate.<br \/><strong>Pet Friendly<\/strong>: Most aromatic herbs are safe for pets. However, supervision is recommended, as ingesting large quantities can cause gastrointestinal discomfort. <\/p>\n<p>WARNING! Representative photo:<\/p>\n<p>\u2013 The photo shown displays specimens in stock at the time the product was added to the online catalogue and is for reference only. The plants supplied will be similar to the image; however, depending on the stage of the vegetative cycle, they may vary in shape, appearance, or size (e.g., different leaf tone, more\/less development or leaf density, with or without flowers, etc.).<\/p>\n<p>\u2013 Si el color de la bolsa que aparece en la imagen (blanco) no est\u00e1 disponible en el momento del pedido, el equipo enviar\u00e1 la misma bolsa en el tono m\u00e1s parecido posible. Si solo quieres el color que mostramos en la imagen, por favor, a\u00f1ade esa petici\u00f3n en las notas antes del pago. Our team will try to accommodate your request.<\/p>\n<p>\u2013 The &#8220;approximate height&#8221; mentioned above includes the plastic pot in which the plants are delivered.<\/p>\n","protected":false},"excerpt":{"rendered":"<p>Este pack incluye 1 bolsa + 3 hierbas arom\u00e1ticas: hierba luisa, hierba lim\u00f3n* y melisa. Estas plantas arom\u00e1ticas, culinarias y medicinales son excelentes compa\u00f1eras de cultivo porque adoran el sol, los suelos bien drenados y los riegos moderados; son perfectas para preparar t\u00e9s\/infusiones deliciosas, muy beneficiosas para la salud, que se pueden tomar calientes o [&hellip;]<\/p>\n","protected":false},"featured_media":89717,"template":"","meta":{"_acf_changed":false,"_seopress_robots_primary_cat":"","_seopress_titles_title":"","_seopress_titles_desc":"","_seopress_robots_index":""},"product_brand":[],"product_cat":[744,743],"product_tag":[],"class_list":{"0":"post-89736","1":"product","2":"type-product","3":"status-publish","4":"has-post-thumbnail","6":"product_cat-outdoor-plants","7":"product_cat-plants","9":"first","10":"instock","11":"taxable","12":"shipping-taxable","13":"purchasable","14":"product-type-simple"},"acf":[],"_links":{"self":[{"href":"https:\/\/hortodocampogrande.pt\/en\/wp-json\/wp\/v2\/product\/89736","targetHints":{"allow":["GET"]}}],"collection":[{"href":"https:\/\/hortodocampogrande.pt\/en\/wp-json\/wp\/v2\/product"}],"about":[{"href":"https:\/\/hortodocampogrande.pt\/en\/wp-json\/wp\/v2\/types\/product"}],"wp:featuredmedia":[{"embeddable":true,"href":"https:\/\/hortodocampogrande.pt\/en\/wp-json\/wp\/v2\/media\/89717"}],"wp:attachment":[{"href":"https:\/\/hortodocampogrande.pt\/en\/wp-json\/wp\/v2\/media?parent=89736"}],"wp:term":[{"taxonomy":"product_brand","embeddable":true,"href":"https:\/\/hortodocampogrande.pt\/en\/wp-json\/wp\/v2\/product_brand?post=89736"},{"taxonomy":"product_cat","embeddable":true,"href":"https:\/\/hortodocampogrande.pt\/en\/wp-json\/wp\/v2\/product_cat?post=89736"},{"taxonomy":"product_tag","embeddable":true,"href":"https:\/\/hortodocampogrande.pt\/en\/wp-json\/wp\/v2\/product_tag?post=89736"}],"curies":[{"name":"wp","href":"https:\/\/api.w.org\/{rel}","templated":true}]}}