{"id":89737,"date":"2026-04-20T13:04:53","date_gmt":"2026-04-20T12:04:53","guid":{"rendered":"https:\/\/hortodocampogrande.pt\/produto\/uncategorized\/soporte-weber-para-pollo\/"},"modified":"2026-04-20T13:04:53","modified_gmt":"2026-04-20T12:04:53","slug":"soporte-weber-para-pollo","status":"publish","type":"product","link":"https:\/\/hortodocampogrande.pt\/en\/produto\/weber-grills\/accessories-en\/soporte-weber-para-pollo\/","title":{"rendered":"Soporte Weber\u00ae para pollo"},"content":{"rendered":"<p>Prepara un pollo a la cerveza con el soporte para pollo, f\u00e1cil de usar: le encantar\u00e1 a todo el mundo. El soporte para pollo crea una piel crujiente y una carne tierna y jugosa. Solo tienes que colocar una lata de 33 cl de tu cerveza u otra bebida favorita en el anillo central y poner el pollo sobre la lata.<\/p>\n<p><strong>Specifications<\/strong>:<br \/>Dimensiones fuera del embalaje: 13 cm Al x 15,5 cm An x 23,5 cm Pr<br \/>Dimensiones del embalaje: 13 cm Al x 15,5 cm An x 23,5 cm Pr<br \/>Care instructions: Dishwasher safe<br \/>Caracter\u00edsticas: Es m\u00e1s r\u00e1pido y f\u00e1cil transportar tu pollo asado a la barbacoa y, despu\u00e9s, a la mesa<\/p>\n","protected":false},"excerpt":{"rendered":"<p>Prepara un pollo a la cerveza con el soporte para pollo, f\u00e1cil de usar: le encantar\u00e1 a todo el mundo. El soporte para pollo crea una piel crujiente y una carne tierna y jugosa. Solo tienes que colocar una lata de 33 cl de tu cerveza u otra bebida favorita en el anillo central y [&hellip;]<\/p>\n","protected":false},"featured_media":89708,"template":"","meta":{"_acf_changed":false,"_seopress_robots_primary_cat":"","_seopress_titles_title":"","_seopress_titles_desc":"","_seopress_robots_index":""},"product_brand":[],"product_cat":[903,754],"product_tag":[],"class_list":{"0":"post-89737","1":"product","2":"type-product","3":"status-publish","4":"has-post-thumbnail","6":"product_cat-accessories-en","7":"product_cat-weber-grills","9":"first","10":"instock","11":"taxable","12":"shipping-taxable","13":"purchasable","14":"product-type-simple"},"acf":[],"_links":{"self":[{"href":"https:\/\/hortodocampogrande.pt\/en\/wp-json\/wp\/v2\/product\/89737","targetHints":{"allow":["GET"]}}],"collection":[{"href":"https:\/\/hortodocampogrande.pt\/en\/wp-json\/wp\/v2\/product"}],"about":[{"href":"https:\/\/hortodocampogrande.pt\/en\/wp-json\/wp\/v2\/types\/product"}],"wp:featuredmedia":[{"embeddable":true,"href":"https:\/\/hortodocampogrande.pt\/en\/wp-json\/wp\/v2\/media\/89708"}],"wp:attachment":[{"href":"https:\/\/hortodocampogrande.pt\/en\/wp-json\/wp\/v2\/media?parent=89737"}],"wp:term":[{"taxonomy":"product_brand","embeddable":true,"href":"https:\/\/hortodocampogrande.pt\/en\/wp-json\/wp\/v2\/product_brand?post=89737"},{"taxonomy":"product_cat","embeddable":true,"href":"https:\/\/hortodocampogrande.pt\/en\/wp-json\/wp\/v2\/product_cat?post=89737"},{"taxonomy":"product_tag","embeddable":true,"href":"https:\/\/hortodocampogrande.pt\/en\/wp-json\/wp\/v2\/product_tag?post=89737"}],"curies":[{"name":"wp","href":"https:\/\/api.w.org\/{rel}","templated":true}]}}