{"id":89791,"date":"2026-04-20T15:59:36","date_gmt":"2026-04-20T14:59:36","guid":{"rendered":"https:\/\/hortodocampogrande.pt\/produto\/uncategorized\/briquetas-de-coco-weber\/"},"modified":"2026-04-23T12:37:53","modified_gmt":"2026-04-23T11:37:53","slug":"briquetas-de-coco-weber","status":"publish","type":"product","link":"https:\/\/hortodocampogrande.pt\/en\/produto\/weber-grills\/accessories-en\/briquetas-de-coco-weber\/","title":{"rendered":"Weber\u00ae Coconut Briquettes &#8211; 8kg"},"content":{"rendered":"<p>Las briquetas de coco Weber son una opci\u00f3n de combustible de alto rendimiento que te permite asar a la parrilla hasta 3 horas. Con un tiempo de encendido de 20 minutos, no tendr\u00e1s que esperar mucho para empezar. Est\u00e1n fabricadas con material 100% natural, c\u00e1scaras de coco carbonizadas y almid\u00f3n de tapioca, y no contienen madera.<\/p>\n<p>\u2022 Fabricadas con materiales 100% naturales<br \/>\u2022 Duraci\u00f3n de hasta 3 horas en la parrilla<br \/>\u2022 Saco resistente a desgarros y a la intemperie<br \/>\u2022 F\u00e1cil de transportar gracias al asa pr\u00e1ctica<br \/>\u2022 Saco de 8 kg<\/p>\n<p><strong>Specifications<\/strong>:<br \/>Dimensiones del embalaje: 64,5 cm (alto) x 28,5 cm (ancho) x 17 cm (fondo)<br \/>Material: c\u00e1scaras de coco carbonizadas; almid\u00f3n de tapioca<br \/>Features: <br \/>-Listas para usar en 20 minutos<br \/>-Arden durante 3 horas<br \/>-100% natural<br \/>-Con certificaci\u00f3n DIN Certco<\/p>\n","protected":false},"excerpt":{"rendered":"<p>Las briquetas de coco Weber son una opci\u00f3n de combustible de alto rendimiento que te permite asar a la parrilla hasta 3 horas. Con un tiempo de encendido de 20 minutos, no tendr\u00e1s que esperar mucho para empezar. Est\u00e1n fabricadas con material 100% natural, c\u00e1scaras de coco carbonizadas y almid\u00f3n de tapioca, y no contienen [&hellip;]<\/p>\n","protected":false},"featured_media":89780,"template":"","meta":{"_acf_changed":false,"_seopress_robots_primary_cat":"","_seopress_titles_title":"","_seopress_titles_desc":"","_seopress_robots_index":""},"product_brand":[],"product_cat":[903,754],"product_tag":[],"class_list":{"0":"post-89791","1":"product","2":"type-product","3":"status-publish","4":"has-post-thumbnail","6":"product_cat-accessories-en","7":"product_cat-weber-grills","9":"first","10":"instock","11":"taxable","12":"shipping-taxable","13":"purchasable","14":"product-type-simple"},"acf":[],"_links":{"self":[{"href":"https:\/\/hortodocampogrande.pt\/en\/wp-json\/wp\/v2\/product\/89791","targetHints":{"allow":["GET"]}}],"collection":[{"href":"https:\/\/hortodocampogrande.pt\/en\/wp-json\/wp\/v2\/product"}],"about":[{"href":"https:\/\/hortodocampogrande.pt\/en\/wp-json\/wp\/v2\/types\/product"}],"wp:featuredmedia":[{"embeddable":true,"href":"https:\/\/hortodocampogrande.pt\/en\/wp-json\/wp\/v2\/media\/89780"}],"wp:attachment":[{"href":"https:\/\/hortodocampogrande.pt\/en\/wp-json\/wp\/v2\/media?parent=89791"}],"wp:term":[{"taxonomy":"product_brand","embeddable":true,"href":"https:\/\/hortodocampogrande.pt\/en\/wp-json\/wp\/v2\/product_brand?post=89791"},{"taxonomy":"product_cat","embeddable":true,"href":"https:\/\/hortodocampogrande.pt\/en\/wp-json\/wp\/v2\/product_cat?post=89791"},{"taxonomy":"product_tag","embeddable":true,"href":"https:\/\/hortodocampogrande.pt\/en\/wp-json\/wp\/v2\/product_tag?post=89791"}],"curies":[{"name":"wp","href":"https:\/\/api.w.org\/{rel}","templated":true}]}}